{"id":13968,"date":"2023-06-16T13:54:16","date_gmt":"2023-06-16T17:54:16","guid":{"rendered":"https:\/\/duery.cl\/?post_type=product&#038;p=13968"},"modified":"2025-04-14T11:22:21","modified_gmt":"2025-04-14T15:22:21","slug":"kit-de-transmision-catalina-pinon-y-cadena-gxt-200","status":"publish","type":"product","link":"https:\/\/motorcycle.cl\/?product=kit-de-transmision-catalina-pinon-y-cadena-gxt-200","title":{"rendered":"Kit de Transmisi\u00f3n Catalina, Pi\u00f1on y Cadena GXT 200"},"content":{"rendered":"<p>Kit de Transmisi\u00f3n Catalina, Pi\u00f1on y Cadena GXT 200<\/p>\n","protected":false},"excerpt":{"rendered":"<p>Kit de Transmisi\u00f3n Catalina, Pi\u00f1on y Cadena GXT 200<\/p>\n","protected":false},"featured_media":21890,"comment_status":"closed","ping_status":"closed","template":"","meta":[],"product_brand":[],"product_cat":[250],"product_tag":[],"class_list":{"0":"post-13968","1":"product","2":"type-product","3":"status-publish","4":"has-post-thumbnail","6":"product_cat-pinones","8":"first","9":"instock","10":"taxable","11":"shipping-taxable","12":"purchasable","13":"product-type-yith_bundle"},"_links":{"self":[{"href":"https:\/\/motorcycle.cl\/index.php?rest_route=\/wp\/v2\/product\/13968","targetHints":{"allow":["GET"]}}],"collection":[{"href":"https:\/\/motorcycle.cl\/index.php?rest_route=\/wp\/v2\/product"}],"about":[{"href":"https:\/\/motorcycle.cl\/index.php?rest_route=\/wp\/v2\/types\/product"}],"replies":[{"embeddable":true,"href":"https:\/\/motorcycle.cl\/index.php?rest_route=%2Fwp%2Fv2%2Fcomments&post=13968"}],"wp:featuredmedia":[{"embeddable":true,"href":"https:\/\/motorcycle.cl\/index.php?rest_route=\/wp\/v2\/media\/21890"}],"wp:attachment":[{"href":"https:\/\/motorcycle.cl\/index.php?rest_route=%2Fwp%2Fv2%2Fmedia&parent=13968"}],"wp:term":[{"taxonomy":"product_brand","embeddable":true,"href":"https:\/\/motorcycle.cl\/index.php?rest_route=%2Fwp%2Fv2%2Fproduct_brand&post=13968"},{"taxonomy":"product_cat","embeddable":true,"href":"https:\/\/motorcycle.cl\/index.php?rest_route=%2Fwp%2Fv2%2Fproduct_cat&post=13968"},{"taxonomy":"product_tag","embeddable":true,"href":"https:\/\/motorcycle.cl\/index.php?rest_route=%2Fwp%2Fv2%2Fproduct_tag&post=13968"}],"curies":[{"name":"wp","href":"https:\/\/api.w.org\/{rel}","templated":true}]}}