{"id":14236,"date":"2023-07-28T12:51:01","date_gmt":"2023-07-28T16:51:01","guid":{"rendered":"https:\/\/duery.cl\/?post_type=product&#038;p=14236"},"modified":"2024-11-15T11:21:30","modified_gmt":"2024-11-15T14:21:30","slug":"pinon-ataque-428-15t-eje-20mm-18-estrias","status":"publish","type":"product","link":"https:\/\/motorcycle.cl\/?product=pinon-ataque-428-15t-eje-20mm-18-estrias","title":{"rendered":"Pi\u00f1on Ataque 428-15T Eje 20mm 18 Estr\u00edas"},"content":{"rendered":"<p>Pi\u00f1on Ataque 428-15T Eje 20mm 18 Estr\u00edas<\/p>\n<p>Espesor 7mm<\/p>\n","protected":false},"excerpt":{"rendered":"<p>Espesor 7mm<\/p>\n","protected":false},"featured_media":14237,"comment_status":"closed","ping_status":"closed","template":"","meta":[],"product_brand":[],"product_cat":[250],"product_tag":[],"class_list":{"0":"post-14236","1":"product","2":"type-product","3":"status-publish","4":"has-post-thumbnail","6":"product_cat-pinones","8":"first","9":"instock","10":"taxable","11":"shipping-taxable","12":"purchasable","13":"product-type-simple"},"_links":{"self":[{"href":"https:\/\/motorcycle.cl\/index.php?rest_route=\/wp\/v2\/product\/14236","targetHints":{"allow":["GET"]}}],"collection":[{"href":"https:\/\/motorcycle.cl\/index.php?rest_route=\/wp\/v2\/product"}],"about":[{"href":"https:\/\/motorcycle.cl\/index.php?rest_route=\/wp\/v2\/types\/product"}],"replies":[{"embeddable":true,"href":"https:\/\/motorcycle.cl\/index.php?rest_route=%2Fwp%2Fv2%2Fcomments&post=14236"}],"wp:featuredmedia":[{"embeddable":true,"href":"https:\/\/motorcycle.cl\/index.php?rest_route=\/wp\/v2\/media\/14237"}],"wp:attachment":[{"href":"https:\/\/motorcycle.cl\/index.php?rest_route=%2Fwp%2Fv2%2Fmedia&parent=14236"}],"wp:term":[{"taxonomy":"product_brand","embeddable":true,"href":"https:\/\/motorcycle.cl\/index.php?rest_route=%2Fwp%2Fv2%2Fproduct_brand&post=14236"},{"taxonomy":"product_cat","embeddable":true,"href":"https:\/\/motorcycle.cl\/index.php?rest_route=%2Fwp%2Fv2%2Fproduct_cat&post=14236"},{"taxonomy":"product_tag","embeddable":true,"href":"https:\/\/motorcycle.cl\/index.php?rest_route=%2Fwp%2Fv2%2Fproduct_tag&post=14236"}],"curies":[{"name":"wp","href":"https:\/\/api.w.org\/{rel}","templated":true}]}}