{"id":14256,"date":"2023-07-31T13:03:07","date_gmt":"2023-07-31T17:03:07","guid":{"rendered":"https:\/\/duery.cl\/?post_type=product&#038;p=14256"},"modified":"2025-04-03T12:40:54","modified_gmt":"2025-04-03T15:40:54","slug":"kit-de-transmision-catalina-pinon-y-cadena-gn-125","status":"publish","type":"product","link":"https:\/\/motorcycle.cl\/?product=kit-de-transmision-catalina-pinon-y-cadena-gn-125","title":{"rendered":"Kit de Transmisi\u00f3n Catalina, Pi\u00f1\u00f3n y Cadena GN 125"},"content":{"rendered":"<p>Kit de Transmisi\u00f3n Catalina, Pi\u00f1\u00f3n y Cadena GN 125<\/p>\n","protected":false},"excerpt":{"rendered":"<p>Kit de Transmisi\u00f3n Catalina, Pi\u00f1\u00f3n y Cadena GN 125<\/p>\n","protected":false},"featured_media":14257,"comment_status":"closed","ping_status":"closed","template":"","meta":[],"product_brand":[],"product_cat":[206],"product_tag":[],"class_list":{"0":"post-14256","1":"product","2":"type-product","3":"status-publish","4":"has-post-thumbnail","6":"product_cat-cadenas-y-correas","8":"first","9":"instock","10":"taxable","11":"shipping-taxable","12":"purchasable","13":"product-type-yith_bundle"},"_links":{"self":[{"href":"https:\/\/motorcycle.cl\/index.php?rest_route=\/wp\/v2\/product\/14256","targetHints":{"allow":["GET"]}}],"collection":[{"href":"https:\/\/motorcycle.cl\/index.php?rest_route=\/wp\/v2\/product"}],"about":[{"href":"https:\/\/motorcycle.cl\/index.php?rest_route=\/wp\/v2\/types\/product"}],"replies":[{"embeddable":true,"href":"https:\/\/motorcycle.cl\/index.php?rest_route=%2Fwp%2Fv2%2Fcomments&post=14256"}],"wp:featuredmedia":[{"embeddable":true,"href":"https:\/\/motorcycle.cl\/index.php?rest_route=\/wp\/v2\/media\/14257"}],"wp:attachment":[{"href":"https:\/\/motorcycle.cl\/index.php?rest_route=%2Fwp%2Fv2%2Fmedia&parent=14256"}],"wp:term":[{"taxonomy":"product_brand","embeddable":true,"href":"https:\/\/motorcycle.cl\/index.php?rest_route=%2Fwp%2Fv2%2Fproduct_brand&post=14256"},{"taxonomy":"product_cat","embeddable":true,"href":"https:\/\/motorcycle.cl\/index.php?rest_route=%2Fwp%2Fv2%2Fproduct_cat&post=14256"},{"taxonomy":"product_tag","embeddable":true,"href":"https:\/\/motorcycle.cl\/index.php?rest_route=%2Fwp%2Fv2%2Fproduct_tag&post=14256"}],"curies":[{"name":"wp","href":"https:\/\/api.w.org\/{rel}","templated":true}]}}