{"id":1764,"date":"2014-08-12T21:21:21","date_gmt":"2014-08-12T21:21:21","guid":{"rendered":"http:\/\/motorcycle.cl\/?product=barra-para-agua-presion-water-zoom"},"modified":"2021-01-21T20:28:56","modified_gmt":"2021-01-21T23:28:56","slug":"barra-para-agua-presion-water-zoom","status":"publish","type":"product","link":"https:\/\/motorcycle.cl\/?product=barra-para-agua-presion-water-zoom","title":{"rendered":"Barra para agua presi\u00f3n Water Zoom"},"content":{"rendered":"<p>Water Zoom<\/p>\n<p>Accesorio limpiador que se conecta a cualquier manguera de jard\u00edn convirti\u00e9ndose en un limpiador de agua a presi\u00f3n lo que le permite hacer limpiezas profundas a su casa, auto, bicicleta etc.<\/p>\n<p style=\"text-align: justify;\">Incluye:<\/p>\n<p>Boquilla de chorro pulverizador<\/p>\n<p>Boquilla de chorro plano<\/p>\n<p>Deposito para jab\u00f3n con regulador en 3 posiciones<\/p>\n<p>Cepillo dispensador de Jab\u00f3n<\/p>\n<p>Adaptador de manguera<br style=\"color: #787777; font-family: Arial, Helvetica, sans-serif; line-height: 18px; text-align: justify;\" \/><span style=\"color: #787777; font-family: Arial, Helvetica, sans-serif; line-height: 18px; text-align: justify;\"><br \/>\n<\/span><\/p>\n","protected":false},"excerpt":{"rendered":"<p>Water Zoom<\/p>\n","protected":false},"featured_media":1763,"comment_status":"closed","ping_status":"closed","template":"","meta":[],"product_brand":[],"product_cat":[45],"product_tag":[],"class_list":{"0":"post-1764","1":"product","2":"type-product","3":"status-publish","4":"has-post-thumbnail","6":"product_cat-articulos-de-aseo","8":"first","9":"instock","10":"taxable","11":"shipping-taxable","12":"purchasable","13":"product-type-simple"},"_links":{"self":[{"href":"https:\/\/motorcycle.cl\/index.php?rest_route=\/wp\/v2\/product\/1764","targetHints":{"allow":["GET"]}}],"collection":[{"href":"https:\/\/motorcycle.cl\/index.php?rest_route=\/wp\/v2\/product"}],"about":[{"href":"https:\/\/motorcycle.cl\/index.php?rest_route=\/wp\/v2\/types\/product"}],"replies":[{"embeddable":true,"href":"https:\/\/motorcycle.cl\/index.php?rest_route=%2Fwp%2Fv2%2Fcomments&post=1764"}],"wp:featuredmedia":[{"embeddable":true,"href":"https:\/\/motorcycle.cl\/index.php?rest_route=\/wp\/v2\/media\/1763"}],"wp:attachment":[{"href":"https:\/\/motorcycle.cl\/index.php?rest_route=%2Fwp%2Fv2%2Fmedia&parent=1764"}],"wp:term":[{"taxonomy":"product_brand","embeddable":true,"href":"https:\/\/motorcycle.cl\/index.php?rest_route=%2Fwp%2Fv2%2Fproduct_brand&post=1764"},{"taxonomy":"product_cat","embeddable":true,"href":"https:\/\/motorcycle.cl\/index.php?rest_route=%2Fwp%2Fv2%2Fproduct_cat&post=1764"},{"taxonomy":"product_tag","embeddable":true,"href":"https:\/\/motorcycle.cl\/index.php?rest_route=%2Fwp%2Fv2%2Fproduct_tag&post=1764"}],"curies":[{"name":"wp","href":"https:\/\/api.w.org\/{rel}","templated":true}]}}