{"id":1777,"date":"2014-08-14T23:17:42","date_gmt":"2014-08-15T03:17:42","guid":{"rendered":"http:\/\/motorcycle.cl\/?product=espirales-anillas-12mm-negro-caja-100un"},"modified":"2025-07-21T15:26:20","modified_gmt":"2025-07-21T19:26:20","slug":"espirales-anillas-12mm-negro-caja-100un","status":"publish","type":"product","link":"https:\/\/motorcycle.cl\/?product=espirales-anillas-12mm-negro-caja-100un","title":{"rendered":"100 Anillas Espirales 12mm Negro Para Encuadernado"},"content":{"rendered":"<p>Anillas Espirales 12mm Negro<\/p>\n<p>Tama\u00f1o: 12mm<\/p>\n<p>Cantidad: 100 Piezas<\/p>\n<p>Color: Negro<\/p>\n<p>Material: PVC<\/p>\n<p>Grosor: 1mm<\/p>\n<p>Aros: 48<\/p>\n<p>Estilo: Redondo<\/p>\n<p>P\u00e1ginas de Encuadernaci\u00f3n (80 g\/m2): 65 p\u00e1g. aprox.<\/p>\n<p>Paso: 4:1 La bobina de encuadernaci\u00f3n en espiral cuenta con un paso 4:1, por lo que es compatible con cualquier m\u00e1quina de encuadernaci\u00f3n que perfora 4 agujeros por pulgada.<\/p>\n<p>Capacidad de girar 360 grados, lo que permite voltear y leer p\u00e1ginas sin esfuerzo, por lo que es m\u00e1s f\u00e1cil trabajar con proyectos encuadernados.<\/p>\n<p>Es ideal para el encuadernado de papel de tama\u00f1o carta (8.5 x 11 pulgadas), la longitud de la bobina en espiral se puede cortar f\u00e1cilmente con tijeras. Para documentos de ingenier\u00eda, proyectos empresariales, documentos de oficina y presentaciones universitarias, para la escuela, entre otros.<\/p>\n","protected":false},"excerpt":{"rendered":"<p>Anillas Espirales 12mm Negro<\/p>\n<p>Tama\u00f1o: 12mm<\/p>\n<p>Cantidad: 100 Piezas<\/p>\n<p>Color: Negro<\/p>\n<p>Material: PVC<\/p>\n<p>Grosor: 1mm<\/p>\n<p>Aros: 48<\/p>\n<p>Estilo: Redondo<\/p>\n<p>P\u00e1ginas de Encuadernaci\u00f3n (80 g\/m2): 65 p\u00e1g. aprox.<\/p>\n<p>Paso: 4:1 La bobina de encuadernaci\u00f3n en espiral cuenta con un paso 4:1, por lo que es compatible con cualquier m\u00e1quina de encuadernaci\u00f3n que perfora 4 agujeros por pulgada.<\/p>\n<p>Capacidad de girar 360 grados, lo que permite voltear y leer p\u00e1ginas sin esfuerzo, por lo que es m\u00e1s f\u00e1cil trabajar con proyectos encuadernados.<\/p>\n<p>Es ideal para el encuadernado de papel de tama\u00f1o carta (8.5 x 11 pulgadas), la longitud de la bobina en espiral se puede cortar f\u00e1cilmente con tijeras. Para documentos de ingenier\u00eda, proyectos empresariales, documentos de oficina y presentaciones universitarias, para la escuela, entre otros.<\/p>\n","protected":false},"featured_media":17720,"comment_status":"closed","ping_status":"closed","template":"","meta":[],"product_brand":[],"product_cat":[67],"product_tag":[],"class_list":{"0":"post-1777","1":"product","2":"type-product","3":"status-publish","4":"has-post-thumbnail","6":"product_cat-anilladoras","8":"first","9":"instock","10":"taxable","11":"shipping-taxable","12":"purchasable","13":"product-type-simple"},"_links":{"self":[{"href":"https:\/\/motorcycle.cl\/index.php?rest_route=\/wp\/v2\/product\/1777","targetHints":{"allow":["GET"]}}],"collection":[{"href":"https:\/\/motorcycle.cl\/index.php?rest_route=\/wp\/v2\/product"}],"about":[{"href":"https:\/\/motorcycle.cl\/index.php?rest_route=\/wp\/v2\/types\/product"}],"replies":[{"embeddable":true,"href":"https:\/\/motorcycle.cl\/index.php?rest_route=%2Fwp%2Fv2%2Fcomments&post=1777"}],"wp:featuredmedia":[{"embeddable":true,"href":"https:\/\/motorcycle.cl\/index.php?rest_route=\/wp\/v2\/media\/17720"}],"wp:attachment":[{"href":"https:\/\/motorcycle.cl\/index.php?rest_route=%2Fwp%2Fv2%2Fmedia&parent=1777"}],"wp:term":[{"taxonomy":"product_brand","embeddable":true,"href":"https:\/\/motorcycle.cl\/index.php?rest_route=%2Fwp%2Fv2%2Fproduct_brand&post=1777"},{"taxonomy":"product_cat","embeddable":true,"href":"https:\/\/motorcycle.cl\/index.php?rest_route=%2Fwp%2Fv2%2Fproduct_cat&post=1777"},{"taxonomy":"product_tag","embeddable":true,"href":"https:\/\/motorcycle.cl\/index.php?rest_route=%2Fwp%2Fv2%2Fproduct_tag&post=1777"}],"curies":[{"name":"wp","href":"https:\/\/api.w.org\/{rel}","templated":true}]}}