{"id":17919,"date":"2024-06-19T12:51:53","date_gmt":"2024-06-19T16:51:53","guid":{"rendered":"https:\/\/duery.cl\/?post_type=product&#038;p=17919"},"modified":"2024-06-19T13:41:04","modified_gmt":"2024-06-19T17:41:04","slug":"engranaje-pinon-cuarta-23t","status":"publish","type":"product","link":"https:\/\/motorcycle.cl\/?product=engranaje-pinon-cuarta-23t","title":{"rendered":"ENGRANAJE PI\u00d1\u00d3N CUARTA 23T"},"content":{"rendered":"<p>ENGRANAJE PI\u00d1\u00d3N CUARTA 23T<\/p>\n","protected":false},"excerpt":{"rendered":"<p>ENGRANAJE PI\u00d1\u00d3N CUARTA 23T<\/p>\n","protected":false},"featured_media":17922,"comment_status":"open","ping_status":"closed","template":"","meta":[],"product_brand":[],"product_cat":[227],"product_tag":[],"class_list":{"0":"post-17919","1":"product","2":"type-product","3":"status-publish","4":"has-post-thumbnail","6":"product_cat-motores","8":"first","9":"instock","10":"taxable","11":"shipping-taxable","12":"purchasable","13":"product-type-simple"},"_links":{"self":[{"href":"https:\/\/motorcycle.cl\/index.php?rest_route=\/wp\/v2\/product\/17919","targetHints":{"allow":["GET"]}}],"collection":[{"href":"https:\/\/motorcycle.cl\/index.php?rest_route=\/wp\/v2\/product"}],"about":[{"href":"https:\/\/motorcycle.cl\/index.php?rest_route=\/wp\/v2\/types\/product"}],"replies":[{"embeddable":true,"href":"https:\/\/motorcycle.cl\/index.php?rest_route=%2Fwp%2Fv2%2Fcomments&post=17919"}],"wp:featuredmedia":[{"embeddable":true,"href":"https:\/\/motorcycle.cl\/index.php?rest_route=\/wp\/v2\/media\/17922"}],"wp:attachment":[{"href":"https:\/\/motorcycle.cl\/index.php?rest_route=%2Fwp%2Fv2%2Fmedia&parent=17919"}],"wp:term":[{"taxonomy":"product_brand","embeddable":true,"href":"https:\/\/motorcycle.cl\/index.php?rest_route=%2Fwp%2Fv2%2Fproduct_brand&post=17919"},{"taxonomy":"product_cat","embeddable":true,"href":"https:\/\/motorcycle.cl\/index.php?rest_route=%2Fwp%2Fv2%2Fproduct_cat&post=17919"},{"taxonomy":"product_tag","embeddable":true,"href":"https:\/\/motorcycle.cl\/index.php?rest_route=%2Fwp%2Fv2%2Fproduct_tag&post=17919"}],"curies":[{"name":"wp","href":"https:\/\/api.w.org\/{rel}","templated":true}]}}