{"id":17928,"date":"2024-06-19T14:28:55","date_gmt":"2024-06-19T18:28:55","guid":{"rendered":"https:\/\/duery.cl\/?post_type=product&#038;p=17928"},"modified":"2024-09-09T11:53:45","modified_gmt":"2024-09-09T14:53:45","slug":"engranaje-pinon-26t","status":"publish","type":"product","link":"https:\/\/motorcycle.cl\/?product=engranaje-pinon-26t","title":{"rendered":"Engranaje Pi\u00f1\u00f3n Cuarta Eje Secundario 26T"},"content":{"rendered":"<p>Engranaje Pi\u00f1\u00f3n Cuarta Eje Secundario 26T<\/p>\n","protected":false},"excerpt":{"rendered":"<p>Engranaje Pi\u00f1\u00f3n Cuarta Eje Secundario 26T<\/p>\n","protected":false},"featured_media":17929,"comment_status":"open","ping_status":"closed","template":"","meta":[],"product_brand":[],"product_cat":[227],"product_tag":[],"class_list":{"0":"post-17928","1":"product","2":"type-product","3":"status-publish","4":"has-post-thumbnail","6":"product_cat-motores","8":"first","9":"instock","10":"taxable","11":"shipping-taxable","12":"purchasable","13":"product-type-simple"},"_links":{"self":[{"href":"https:\/\/motorcycle.cl\/index.php?rest_route=\/wp\/v2\/product\/17928","targetHints":{"allow":["GET"]}}],"collection":[{"href":"https:\/\/motorcycle.cl\/index.php?rest_route=\/wp\/v2\/product"}],"about":[{"href":"https:\/\/motorcycle.cl\/index.php?rest_route=\/wp\/v2\/types\/product"}],"replies":[{"embeddable":true,"href":"https:\/\/motorcycle.cl\/index.php?rest_route=%2Fwp%2Fv2%2Fcomments&post=17928"}],"wp:featuredmedia":[{"embeddable":true,"href":"https:\/\/motorcycle.cl\/index.php?rest_route=\/wp\/v2\/media\/17929"}],"wp:attachment":[{"href":"https:\/\/motorcycle.cl\/index.php?rest_route=%2Fwp%2Fv2%2Fmedia&parent=17928"}],"wp:term":[{"taxonomy":"product_brand","embeddable":true,"href":"https:\/\/motorcycle.cl\/index.php?rest_route=%2Fwp%2Fv2%2Fproduct_brand&post=17928"},{"taxonomy":"product_cat","embeddable":true,"href":"https:\/\/motorcycle.cl\/index.php?rest_route=%2Fwp%2Fv2%2Fproduct_cat&post=17928"},{"taxonomy":"product_tag","embeddable":true,"href":"https:\/\/motorcycle.cl\/index.php?rest_route=%2Fwp%2Fv2%2Fproduct_tag&post=17928"}],"curies":[{"name":"wp","href":"https:\/\/api.w.org\/{rel}","templated":true}]}}