{"id":23324,"date":"2025-08-04T13:15:59","date_gmt":"2025-08-04T17:15:59","guid":{"rendered":"http:\/\/motorcycle.cl\/?post_type=product&#038;p=23324"},"modified":"2025-08-04T13:23:22","modified_gmt":"2025-08-04T17:23:22","slug":"tapa-de-plastico-para-tornillos-clavos-negro-x-50-unid","status":"publish","type":"product","link":"https:\/\/motorcycle.cl\/?product=tapa-de-plastico-para-tornillos-clavos-negro-x-50-unid","title":{"rendered":"Tapa de Pl\u00e1stico para Tornillos Clavos Negro x 50 Unid."},"content":{"rendered":"<p>Tapa de Pl\u00e1stico para Tornillos Clavos Negro<\/p>\n<p>x 50 Unid.<\/p>\n<p>Cubierta decorativa para tornillos<\/p>\n<p>Una las dos partes de las tapas de tornillos, lo que las hace c\u00f3modas de usar; simplemente pasa los tornillos a trav\u00e9s del agujero de las tapas de rosca de pl\u00e1stico, aprieta los tornillos en las posiciones adecuadas que necesitas y luego cierra la tapa de la cubierta.<\/p>\n<p>Material de pl\u00e1stico, el cual es agradable, impermeable y duradero; no se decolora f\u00e1cilmente y es adecuado para un uso a largo plazo, las superficies lisas hacen que las tapas se vean ordenadas y decorativas.<\/p>\n","protected":false},"excerpt":{"rendered":"<p>Tapa de Pl\u00e1stico para Tornillos Clavos Negro<\/p>\n<p>x 50 Unid.<\/p>\n<p>Cubierta decorativa para tornillos<\/p>\n<p>Una las dos partes de las tapas de tornillos, lo que las hace c\u00f3modas de usar; simplemente pasa los tornillos a trav\u00e9s del agujero de las tapas de rosca de pl\u00e1stico, aprieta los tornillos en las posiciones adecuadas que necesitas y luego cierra la tapa de la cubierta.<\/p>\n<p>Material de pl\u00e1stico, el cual es agradable, impermeable y duradero; no se decolora f\u00e1cilmente y es adecuado para un uso a largo plazo, las superficies lisas hacen que las tapas se vean ordenadas y decorativas.<\/p>\n","protected":false},"featured_media":23317,"comment_status":"open","ping_status":"closed","template":"","meta":[],"product_brand":[],"product_cat":[84],"product_tag":[],"class_list":{"0":"post-23324","1":"product","2":"type-product","3":"status-publish","4":"has-post-thumbnail","6":"product_cat-pernos-tuercas-fijaciones","8":"first","9":"instock","10":"taxable","11":"shipping-taxable","12":"purchasable","13":"product-type-simple"},"_links":{"self":[{"href":"https:\/\/motorcycle.cl\/index.php?rest_route=\/wp\/v2\/product\/23324","targetHints":{"allow":["GET"]}}],"collection":[{"href":"https:\/\/motorcycle.cl\/index.php?rest_route=\/wp\/v2\/product"}],"about":[{"href":"https:\/\/motorcycle.cl\/index.php?rest_route=\/wp\/v2\/types\/product"}],"replies":[{"embeddable":true,"href":"https:\/\/motorcycle.cl\/index.php?rest_route=%2Fwp%2Fv2%2Fcomments&post=23324"}],"wp:featuredmedia":[{"embeddable":true,"href":"https:\/\/motorcycle.cl\/index.php?rest_route=\/wp\/v2\/media\/23317"}],"wp:attachment":[{"href":"https:\/\/motorcycle.cl\/index.php?rest_route=%2Fwp%2Fv2%2Fmedia&parent=23324"}],"wp:term":[{"taxonomy":"product_brand","embeddable":true,"href":"https:\/\/motorcycle.cl\/index.php?rest_route=%2Fwp%2Fv2%2Fproduct_brand&post=23324"},{"taxonomy":"product_cat","embeddable":true,"href":"https:\/\/motorcycle.cl\/index.php?rest_route=%2Fwp%2Fv2%2Fproduct_cat&post=23324"},{"taxonomy":"product_tag","embeddable":true,"href":"https:\/\/motorcycle.cl\/index.php?rest_route=%2Fwp%2Fv2%2Fproduct_tag&post=23324"}],"curies":[{"name":"wp","href":"https:\/\/api.w.org\/{rel}","templated":true}]}}