{"id":23342,"date":"2025-08-05T14:42:19","date_gmt":"2025-08-05T18:42:19","guid":{"rendered":"http:\/\/motorcycle.cl\/?post_type=product&#038;p=23342"},"modified":"2025-08-06T12:09:10","modified_gmt":"2025-08-06T16:09:10","slug":"microcamara-monocromatica-a-color","status":"publish","type":"product","link":"https:\/\/motorcycle.cl\/?product=microcamara-monocromatica-a-color","title":{"rendered":"Microc\u00e1mara Monocrom\u00e1tica a Color c\/Soporte"},"content":{"rendered":"<p>Microc\u00e1mara Monocrom\u00e1tica a Color tiene tipos monocromio y a color.<\/p>\n<p>La lente tiene dos especificaciones t\u00edpicas: 3.6mm para el tipo monocromo y 6mm para el tipo color.<\/p>\n<p>Proporciona funci\u00f3n de audio, volumen compacto, bajo en consumo de energ\u00eda, alta sensibilidad, f\u00e1cil de operar, instalar y ocultar.<\/p>\n<p>Puede funcionar junto con otros equiupos, incluyendo microcomputadoras; para filmar documentos, fotografiar y grabar se\u00f1ales de video complejas PAL (CCR) o NTS.<\/p>\n<p>Contiene un soporte tipo clip, que puede desmontarse f\u00e1cilmente o ajustar la ubicaci\u00f3n al nivel deseado.<\/p>\n<p>Voltaje CC +6V a +12V<\/p>\n<p>Corriente &#8211; 250mA (no debe exceder este l\u00edmite)<\/p>\n<p>Conexi\u00f3n \u00ab+\u00bb para terminal interno<\/p>\n<p>Conexi\u00f3n \u00ab-\u00bb para terminal externo<\/p>\n<p>Cable Amarillo = cable de salida de video<\/p>\n<p>Sensor de video de 1\/3&#8243;<\/p>\n<p>Sistema PAL\/CCIR NTSC\/EIA<\/p>\n<p>Pixeles efectivos: PAL 628&#215;582 NTSC\/EIA<\/p>\n<p>\u00c1rea de imagen: PAL 5,78&#215;4,19 mm NTSC: 4,69&#215;3,45 mm<\/p>\n<p>Resoluci\u00f3n: 380 l\u00edneas<\/p>\n<p>Frecuencia de escaneo: PAL\/CCIR 50Hz NTSC\/EIA 60Hz<\/p>\n<p>Iluminaci\u00f3n m\u00ednima: 0.2LUX<\/p>\n<p>Sensibilidad: +18 DB-AGCON-OFF<\/p>\n<p>Fuente de alimentaci\u00f3n: +6 VCD -+12VCD<\/p>\n<p>Consumo de energ\u00eda: 200MW<\/p>\n","protected":false},"excerpt":{"rendered":"<p>Microc\u00e1mara Monocrom\u00e1tica a Color tiene tipos monocromio y a color.<\/p>\n<p>La lente tiene dos especificaciones t\u00edpicas: 3.6mm para el tipo monocromo y 6mm para el tipo color.<\/p>\n<p>Proporciona funci\u00f3n de audio, volumen compacto, bajo en consumo de energ\u00eda, alta sensibilidad, f\u00e1cil de operar, instalar y ocultar.<\/p>\n<p>Puede funcionar junto con otros equiupos, incluyendo microcomputadoras; para filmar documentos, fotografiar y grabar se\u00f1ales de video complejas PAL (CCR) o NTS.<\/p>\n<p>Contiene un soporte tipo clip, que puede desmontarse f\u00e1cilmente o ajustar la ubicaci\u00f3n al nivel deseado.<\/p>\n<p>Voltaje CC +6V a +12V<\/p>\n<p>Corriente &#8211; 250mA (no debe exceder este l\u00edmite)<\/p>\n<p>Conexi\u00f3n \u00ab+\u00bb para terminal interno<\/p>\n<p>Conexi\u00f3n \u00ab-\u00bb para terminal externo<\/p>\n<p>Cable Amarillo = cable de salida de video<\/p>\n<p>Sensor de video de 1\/3&#8243;<\/p>\n<p>Sistema PAL\/CCIR NTSC\/EIA<\/p>\n<p>Pixeles efectivos: PAL 628&#215;582 NTSC\/EIA<\/p>\n<p>\u00c1rea de imagen: PAL 5,78&#215;4,19 mm NTSC: 4,69&#215;3,45 mm<\/p>\n<p>Resoluci\u00f3n: 380 l\u00edneas<\/p>\n<p>Frecuencia de escaneo: PAL\/CCIR 50Hz NTSC\/EIA 60Hz<\/p>\n<p>Iluminaci\u00f3n m\u00ednima: 0.2LUX<\/p>\n<p>Sensibilidad: +18 DB-AGCON-OFF<\/p>\n<p>Fuente de alimentaci\u00f3n: +6 VCD -+12VCD<\/p>\n<p>Consumo de energ\u00eda: 200MW<\/p>\n","protected":false},"featured_media":23355,"comment_status":"open","ping_status":"closed","template":"","meta":[],"product_brand":[],"product_cat":[87,123],"product_tag":[],"class_list":{"0":"post-23342","1":"product","2":"type-product","3":"status-publish","4":"has-post-thumbnail","6":"product_cat-articulos-vigilancia","7":"product_cat-camaras-de-video","9":"first","10":"instock","11":"taxable","12":"shipping-taxable","13":"purchasable","14":"product-type-simple"},"_links":{"self":[{"href":"https:\/\/motorcycle.cl\/index.php?rest_route=\/wp\/v2\/product\/23342","targetHints":{"allow":["GET"]}}],"collection":[{"href":"https:\/\/motorcycle.cl\/index.php?rest_route=\/wp\/v2\/product"}],"about":[{"href":"https:\/\/motorcycle.cl\/index.php?rest_route=\/wp\/v2\/types\/product"}],"replies":[{"embeddable":true,"href":"https:\/\/motorcycle.cl\/index.php?rest_route=%2Fwp%2Fv2%2Fcomments&post=23342"}],"wp:featuredmedia":[{"embeddable":true,"href":"https:\/\/motorcycle.cl\/index.php?rest_route=\/wp\/v2\/media\/23355"}],"wp:attachment":[{"href":"https:\/\/motorcycle.cl\/index.php?rest_route=%2Fwp%2Fv2%2Fmedia&parent=23342"}],"wp:term":[{"taxonomy":"product_brand","embeddable":true,"href":"https:\/\/motorcycle.cl\/index.php?rest_route=%2Fwp%2Fv2%2Fproduct_brand&post=23342"},{"taxonomy":"product_cat","embeddable":true,"href":"https:\/\/motorcycle.cl\/index.php?rest_route=%2Fwp%2Fv2%2Fproduct_cat&post=23342"},{"taxonomy":"product_tag","embeddable":true,"href":"https:\/\/motorcycle.cl\/index.php?rest_route=%2Fwp%2Fv2%2Fproduct_tag&post=23342"}],"curies":[{"name":"wp","href":"https:\/\/api.w.org\/{rel}","templated":true}]}}